{"id":14940,"date":"2025-11-21T05:58:16","date_gmt":"2025-11-21T05:58:16","guid":{"rendered":"https:\/\/www.jainjournal.in\/website\/?page_id=14940"},"modified":"2026-03-10T20:34:07","modified_gmt":"2026-03-10T20:34:07","slug":"about","status":"publish","type":"page","link":"https:\/\/www.jainjournal.in\/website\/index.php\/about\/","title":{"rendered":"About"},"content":{"rendered":"<p>[vc_row thsn-bg-image-position=\u201dcenter-top\u201d thsn-extended-column=\u201dboth\u201d full_width=\u201dstretch_row\u201d css=\u201d.vc_custom_1764563430305{background-color: #fedca7 !important;background-position: 0 0 !important;background-repeat: no-repeat !important;}\u201d][vc_column][vc_column_text]<\/p>\n<div class=\"yiv1572315359elementToProof\">\n<p style=\"font-weight: 400;\"><em>Jain Journal<\/em>\u00a0was founded in 1966 at the Jain Bhawan in Kolkata as one of the first academic journals in English dedicated to the study of Jainism. In 2026, a new editorial board was established to oversee a revitalization of this important resource for Jain Studies. It is now online, peer-reviewed, open access, and co-published by Jain Bhawan in Kolkata, India, and the Jain Education and Research Foundation, USA.<\/p>\n<p style=\"font-weight: 400;\">Committed to intellectual openness,\u00a0<em>Jain Journal\u00a0<\/em>rejects all forms of dogmatism and instead upholds diverse perspectives, critical inquiry, and academic rigor. The journal provides a\u00a0forum for students and scholars of Jainism to contribute academic insights across a range of length and form, from short translations, to transcribed interviews, to photo essays.\u00a0<em>Jain Journal\u00a0<\/em>is a<strong><em>\u00a0<\/em><\/strong>place where scholars can publish scholarship that may not find a home in journals dedicated to publishing standard research articles.<\/p>\n<p style=\"font-weight: 400;\">Articles will be published on a rolling basis throughout the year in electronic form (downloadable PDFs). Each year\u2019s collection will constitute a single volume of\u00a0<em>Jain Journal<\/em>. From time to time, articles may be grouped under specific thematic headings. Guest editors may be invited to curate special issues devoted to particular topics or areas of interest.<\/p>\n<p style=\"font-weight: 400;\">We express our sincere gratitude to\u00a0Rajesh Kankariya for <em>Jain Journal<\/em> website development and deployment, Ana Baj\u017eelj (University of California, Riverside) for initial support in reimagining\u00a0<em>Jain Journal,\u00a0<\/em>and Debraj Sen for <em>Jain Journal<\/em> website design.<\/p>\n<p>The image on the homepage is a modified version of the <a href=\"https:\/\/collections.carlos.emory.edu\/objects\/37004\/jain-pilgrimage-painting-tirtha-pata-map-of-the-sacred-sit\">\u0100din\u0101tha temple on Mount \u015aatru\u00f1jaya<\/a>, as depicted in a nineteenth-century <em>pa\u1e6da<\/em> housed at the Michael C. Carlos Museum at Emory University.<\/p>\n<\/div>\n<p>[\/vc_column_text][\/vc_column][\/vc_row]<\/p>\n","protected":false},"excerpt":{"rendered":"<p>[vc_row thsn-bg-image-position=\u201dcenter-top\u201d thsn-extended-column=\u201dboth\u201d full_width=\u201dstretch_row\u201d css=\u201d.vc_custom_1764563430305{background-color: #fedca7 !important;background-position: 0 0 !important;background-repeat: no-repeat !important;}\u201d][vc_column][vc_column_text] Jain Journal\u00a0was founded in 1966 at the Jain Bhawan in Kolkata as one of the first academic journals in English dedicated to the study of Jainism. In 2026, a new editorial board was established to oversee a revitalization of this important resource for [&hellip;]<\/p>\n","protected":false},"author":1,"featured_media":0,"parent":0,"menu_order":0,"comment_status":"closed","ping_status":"closed","template":"","meta":{"_acf_changed":false,"footnotes":""},"class_list":["post-14940","page","type-page","status-publish","hentry"],"acf":[],"_links":{"self":[{"href":"https:\/\/www.jainjournal.in\/website\/index.php\/wp-json\/wp\/v2\/pages\/14940","targetHints":{"allow":["GET"]}}],"collection":[{"href":"https:\/\/www.jainjournal.in\/website\/index.php\/wp-json\/wp\/v2\/pages"}],"about":[{"href":"https:\/\/www.jainjournal.in\/website\/index.php\/wp-json\/wp\/v2\/types\/page"}],"author":[{"embeddable":true,"href":"https:\/\/www.jainjournal.in\/website\/index.php\/wp-json\/wp\/v2\/users\/1"}],"replies":[{"embeddable":true,"href":"https:\/\/www.jainjournal.in\/website\/index.php\/wp-json\/wp\/v2\/comments?post=14940"}],"version-history":[{"count":51,"href":"https:\/\/www.jainjournal.in\/website\/index.php\/wp-json\/wp\/v2\/pages\/14940\/revisions"}],"predecessor-version":[{"id":15860,"href":"https:\/\/www.jainjournal.in\/website\/index.php\/wp-json\/wp\/v2\/pages\/14940\/revisions\/15860"}],"wp:attachment":[{"href":"https:\/\/www.jainjournal.in\/website\/index.php\/wp-json\/wp\/v2\/media?parent=14940"}],"curies":[{"name":"wp","href":"https:\/\/api.w.org\/{rel}","templated":true}]}}